{"id":199,"date":"2023-10-14T19:10:51","date_gmt":"2023-10-14T19:10:51","guid":{"rendered":"https:\/\/camere-securitate.md\/?page_id=199"},"modified":"2024-07-10T12:40:40","modified_gmt":"2024-07-10T12:40:40","slug":"contact","status":"publish","type":"page","link":"https:\/\/camere-securitate.md\/?page_id=199","title":{"rendered":"Contact"},"content":{"rendered":"<style>\/*! elementor - v3.18.0 - 20-12-2023 *\/\n.elementor-heading-title{padding:0;margin:0;line-height:1}.elementor-widget-heading .elementor-heading-title[class*=elementor-size-]>a{color:inherit;font-size:inherit;line-height:inherit}.elementor-widget-heading .elementor-heading-title.elementor-size-small{font-size:15px}.elementor-widget-heading .elementor-heading-title.elementor-size-medium{font-size:19px}.elementor-widget-heading .elementor-heading-title.elementor-size-large{font-size:29px}.elementor-widget-heading .elementor-heading-title.elementor-size-xl{font-size:39px}.elementor-widget-heading .elementor-heading-title.elementor-size-xxl{font-size:59px}<\/style>\n<h4>Pentru mai multe detalii sau pentru a stabili o consulta\u021bie gratuit\u0103.<\/h4>\n<h2>Contacteaz\u0103-ne<\/h2>\n<h6>Trimite-ne un mesaj<\/h6>\n<h2>Ai \u00eentreb\u0103ri? Hai s\u0103 vorbim !<\/h2>\n<style>\/*! elementor - v3.18.0 - 20-12-2023 *\/\n.elementor-widget-divider{--divider-border-style:none;--divider-border-width:1px;--divider-color:#0c0d0e;--divider-icon-size:20px;--divider-element-spacing:10px;--divider-pattern-height:24px;--divider-pattern-size:20px;--divider-pattern-url:none;--divider-pattern-repeat:repeat-x}.elementor-widget-divider .elementor-divider{display:flex}.elementor-widget-divider .elementor-divider__text{font-size:15px;line-height:1;max-width:95%}.elementor-widget-divider .elementor-divider__element{margin:0 var(--divider-element-spacing);flex-shrink:0}.elementor-widget-divider .elementor-icon{font-size:var(--divider-icon-size)}.elementor-widget-divider .elementor-divider-separator{display:flex;margin:0;direction:ltr}.elementor-widget-divider--view-line_icon .elementor-divider-separator,.elementor-widget-divider--view-line_text .elementor-divider-separator{align-items:center}.elementor-widget-divider--view-line_icon .elementor-divider-separator:after,.elementor-widget-divider--view-line_icon .elementor-divider-separator:before,.elementor-widget-divider--view-line_text .elementor-divider-separator:after,.elementor-widget-divider--view-line_text .elementor-divider-separator:before{display:block;content:\"\";border-bottom:0;flex-grow:1;border-top:var(--divider-border-width) var(--divider-border-style) var(--divider-color)}.elementor-widget-divider--element-align-left .elementor-divider .elementor-divider-separator>.elementor-divider__svg:first-of-type{flex-grow:0;flex-shrink:100}.elementor-widget-divider--element-align-left .elementor-divider-separator:before{content:none}.elementor-widget-divider--element-align-left .elementor-divider__element{margin-left:0}.elementor-widget-divider--element-align-right .elementor-divider .elementor-divider-separator>.elementor-divider__svg:last-of-type{flex-grow:0;flex-shrink:100}.elementor-widget-divider--element-align-right .elementor-divider-separator:after{content:none}.elementor-widget-divider--element-align-right .elementor-divider__element{margin-right:0}.elementor-widget-divider:not(.elementor-widget-divider--view-line_text):not(.elementor-widget-divider--view-line_icon) .elementor-divider-separator{border-top:var(--divider-border-width) var(--divider-border-style) var(--divider-color)}.elementor-widget-divider--separator-type-pattern{--divider-border-style:none}.elementor-widget-divider--separator-type-pattern.elementor-widget-divider--view-line .elementor-divider-separator,.elementor-widget-divider--separator-type-pattern:not(.elementor-widget-divider--view-line) .elementor-divider-separator:after,.elementor-widget-divider--separator-type-pattern:not(.elementor-widget-divider--view-line) .elementor-divider-separator:before,.elementor-widget-divider--separator-type-pattern:not([class*=elementor-widget-divider--view]) .elementor-divider-separator{width:100%;min-height:var(--divider-pattern-height);-webkit-mask-size:var(--divider-pattern-size) 100%;mask-size:var(--divider-pattern-size) 100%;-webkit-mask-repeat:var(--divider-pattern-repeat);mask-repeat:var(--divider-pattern-repeat);background-color:var(--divider-color);-webkit-mask-image:var(--divider-pattern-url);mask-image:var(--divider-pattern-url)}.elementor-widget-divider--no-spacing{--divider-pattern-size:auto}.elementor-widget-divider--bg-round{--divider-pattern-repeat:round}.rtl .elementor-widget-divider .elementor-divider__text{direction:rtl}.e-con-inner>.elementor-widget-divider,.e-con>.elementor-widget-divider{width:var(--container-widget-width,100%);--flex-grow:var(--container-widget-flex-grow)}<\/style>\n<link rel=\"stylesheet\" href=\"https:\/\/camere-securitate.md\/wp-content\/plugins\/elementor\/assets\/css\/widget-icon-box.min.css\">\n\t\t\t\t\t\tAdresa\t\t\t\t\t<\/p>\n<p>\n\t\t\t\t\t\tChi\u0219in\u0103u, Republica Moldova\t\t\t\t\t<\/p>\n<p>\t\t\t\t\t\tEmail\t\t\t\t\t<\/p>\n<p>\n\t\t\t\t\t\tinfo.securitate.md@gmail.com\t\t\t\t\t<\/p>\n<p>\t\t\t\t\t\tTelefon\t\t\t\t\t<\/p>\n<p>\n\t\t\t\t\t\t+373 60 670 089\t\t\t\t\t<\/p>\n<p>\t\t\t\t<a href=\"https:\/\/www.facebook.com\/securitatemd\/\" tabindex=\"-1\"><br \/>\n\t\t\t\t\t\t\t\t<\/a><br \/>\n\t\t\t\t\t<a href=\"https:\/\/www.facebook.com\/securitatemd\/\" ><br \/>\n\t\t\t\t\t\t\t\t\t\t\t<\/a><br \/>\n\t\t\t\t<a href=\"https:\/\/www.instagram.com\/securitate_md\" tabindex=\"-1\"><br \/>\n\t\t\t\t\t\t\t\t<\/a><br \/>\n\t\t\t\t\t<a href=\"https:\/\/www.instagram.com\/securitate_md\" ><br \/>\n\t\t\t\t\t\t\t\t\t\t\t<\/a><br \/>\n\t\t\t\t<a href=\"https:\/\/www.tiktok.com\/@securitate.md\" tabindex=\"-1\"><br \/>\n\t\t\t\t\t\t\t\t<\/a><br \/>\n\t\t\t\t\t<a href=\"https:\/\/www.tiktok.com\/@securitate.md\" ><br \/>\n\t\t\t\t\t\t\t\t\t\t\t<\/a><\/p>\n<style>\/*! elementor - v3.18.0 - 20-12-2023 *\/\n.elementor-widget-google_maps .elementor-widget-container{overflow:hidden}.elementor-widget-google_maps .elementor-custom-embed{line-height:0}.elementor-widget-google_maps iframe{height:300px}<\/style>\n<p>\t\t\t<iframe loading=\"lazy\"\n\t\t\t\t\tsrc=\"https:\/\/maps.google.com\/maps?q=Chi%C8%99in%C4%83u&#038;t=m&#038;z=14&#038;output=embed&#038;iwloc=near\"\n\t\t\t\t\ttitle=\"Chi\u0219in\u0103u\"\n\t\t\t\t\taria-label=\"Chi\u0219in\u0103u\"\n\t\t\t><\/iframe><\/p>\n","protected":false},"excerpt":{"rendered":"<p>Pentru mai multe detalii sau pentru a stabili o consulta\u021bie gratuit\u0103. Contacteaz\u0103-ne Trimite-ne un mesaj Ai \u00eentreb\u0103ri? Hai s\u0103 vorbim ! Adresa Chi\u0219in\u0103u, Republica Moldova Email info.securitate.md@gmail.com Telefon +373 60 670 089<\/p>\n","protected":false},"author":1,"featured_media":0,"parent":0,"menu_order":0,"comment_status":"closed","ping_status":"closed","template":"","meta":{"footnotes":""},"class_list":["post-199","page","type-page","status-publish","hentry"],"_links":{"self":[{"href":"https:\/\/camere-securitate.md\/index.php?rest_route=\/wp\/v2\/pages\/199","targetHints":{"allow":["GET"]}}],"collection":[{"href":"https:\/\/camere-securitate.md\/index.php?rest_route=\/wp\/v2\/pages"}],"about":[{"href":"https:\/\/camere-securitate.md\/index.php?rest_route=\/wp\/v2\/types\/page"}],"author":[{"embeddable":true,"href":"https:\/\/camere-securitate.md\/index.php?rest_route=\/wp\/v2\/users\/1"}],"replies":[{"embeddable":true,"href":"https:\/\/camere-securitate.md\/index.php?rest_route=%2Fwp%2Fv2%2Fcomments&post=199"}],"version-history":[{"count":40,"href":"https:\/\/camere-securitate.md\/index.php?rest_route=\/wp\/v2\/pages\/199\/revisions"}],"predecessor-version":[{"id":1354,"href":"https:\/\/camere-securitate.md\/index.php?rest_route=\/wp\/v2\/pages\/199\/revisions\/1354"}],"wp:attachment":[{"href":"https:\/\/camere-securitate.md\/index.php?rest_route=%2Fwp%2Fv2%2Fmedia&parent=199"}],"curies":[{"name":"wp","href":"https:\/\/api.w.org\/{rel}","templated":true}]}}